{"id":1063,"date":"2017-05-15T09:04:47","date_gmt":"2017-05-15T08:04:47","guid":{"rendered":"http:\/\/www.yczn.cz\/?page_id=1063"},"modified":"2026-01-16T10:48:35","modified_gmt":"2026-01-16T09:48:35","slug":"uvodni-stranka","status":"publish","type":"page","link":"https:\/\/www.yczn.cz\/","title":{"rendered":"V\u00edtejte na str\u00e1nk\u00e1ch YCZN"},"content":{"rendered":"<h3 style=\"text-align: center;\"><strong>V\u00edt\u00e1me na str\u00e1nk\u00e1ch YCZN<\/strong><\/h3>\n<p><a href=\"https:\/\/www.yczn.cz\/wp-content\/uploads\/2017\/05\/Vlajka_Pozadi_Old.jpg\"><img loading=\"lazy\" decoding=\"async\" class=\"size-medium wp-image-2177 aligncenter\" src=\"https:\/\/www.yczn.cz\/wp-content\/uploads\/2017\/05\/Vlajka_Pozadi_Old-300x216.jpg\" alt=\"\" width=\"300\" height=\"216\" srcset=\"https:\/\/www.yczn.cz\/wp-content\/uploads\/2017\/05\/Vlajka_Pozadi_Old-300x216.jpg 300w, https:\/\/www.yczn.cz\/wp-content\/uploads\/2017\/05\/Vlajka_Pozadi_Old-768x553.jpg 768w, https:\/\/www.yczn.cz\/wp-content\/uploads\/2017\/05\/Vlajka_Pozadi_Old.jpg 1008w\" sizes=\"auto, (max-width: 300px) 100vw, 300px\" \/><\/a><\/p>\n<h3 style=\"text-align: center;\"><strong>Sou\u010dasn\u00fd Yacht Club Znojmo, z.s<\/strong><strong style=\"font-size: 16px;\">. vznikl v roce 1972 <\/strong><strong>p\u016fvodn\u011b jako z\u00e1jmov\u00e9 sdru\u017een\u00ed nad\u0161enc\u016f, sportovn\u00edch jachta\u0159\u016f a milovn\u00edk\u016f jachtingu obecn\u011b. Pokud se chcete dozv\u011bd\u011bt v\u00edce, dal\u0161\u00ed informace naleznet<\/strong><strong>e v sekci \u201e<\/strong><a href=\"http:\/\/www.yczn.cz\/?page_id=100\"><strong>O YCZN<\/strong><\/a><strong>\u201e.<\/strong><\/h3>\n<h3 style=\"text-align: center;\"><strong>Poj\u010fte s n\u00e1mi sd\u00edlet na\u0161e nad\u0161en\u00ed pro vodn\u00ed sporty a jachting speci\u00e1ln\u011b nejen na na\u0161ich webov\u00fdch str\u00e1nk\u00e1ch, ale nev\u00e1hejte p\u0159ijet fandit na jachta\u0159sk\u00e9 z\u00e1vody p\u0159\u00edmo do d\u011bn\u00ed na Vranovskou p\u0159ehradu.<\/strong><\/h3>\n<h3 style=\"text-align: center;\"><\/h3>\n<p style=\"text-align: center;\">\n","protected":false},"excerpt":{"rendered":"<p>V\u00edt\u00e1me na str\u00e1nk\u00e1ch YCZN Sou\u010dasn\u00fd Yacht Club Znojmo, z.s. vznikl v roce 1972 p\u016fvodn\u011b jako z\u00e1jmov\u00e9 sdru\u017een\u00ed nad\u0161enc\u016f, sportovn\u00edch jachta\u0159\u016f a milovn\u00edk\u016f jachtingu obecn\u011b. Pokud se chcete dozv\u011bd\u011bt v\u00edce, dal\u0161\u00ed informace naleznete v sekci \u201eO YCZN\u201e. Poj\u010fte s n\u00e1mi sd\u00edlet na\u0161e nad\u0161en\u00ed pro vodn\u00ed sporty a jachting speci\u00e1ln\u011b nejen na na\u0161ich webov\u00fdch str\u00e1nk\u00e1ch, ale nev\u00e1hejte &hellip; <\/p>\n<p class=\"link-more\"><a href=\"https:\/\/www.yczn.cz\/\" class=\"read-more\">Read More<span class=\"screen-reader-text\"> &#8222;V\u00edtejte na str\u00e1nk\u00e1ch YCZN&#8220;<\/span><\/a><\/p>\n","protected":false},"author":1,"featured_media":0,"parent":0,"menu_order":0,"comment_status":"closed","ping_status":"closed","template":"","meta":{"footnotes":""},"class_list":["post-1063","page","type-page","status-publish","hentry"],"_links":{"self":[{"href":"https:\/\/www.yczn.cz\/index.php?rest_route=\/wp\/v2\/pages\/1063","targetHints":{"allow":["GET"]}}],"collection":[{"href":"https:\/\/www.yczn.cz\/index.php?rest_route=\/wp\/v2\/pages"}],"about":[{"href":"https:\/\/www.yczn.cz\/index.php?rest_route=\/wp\/v2\/types\/page"}],"author":[{"embeddable":true,"href":"https:\/\/www.yczn.cz\/index.php?rest_route=\/wp\/v2\/users\/1"}],"replies":[{"embeddable":true,"href":"https:\/\/www.yczn.cz\/index.php?rest_route=%2Fwp%2Fv2%2Fcomments&post=1063"}],"version-history":[{"count":140,"href":"https:\/\/www.yczn.cz\/index.php?rest_route=\/wp\/v2\/pages\/1063\/revisions"}],"predecessor-version":[{"id":3995,"href":"https:\/\/www.yczn.cz\/index.php?rest_route=\/wp\/v2\/pages\/1063\/revisions\/3995"}],"wp:attachment":[{"href":"https:\/\/www.yczn.cz\/index.php?rest_route=%2Fwp%2Fv2%2Fmedia&parent=1063"}],"curies":[{"name":"wp","href":"https:\/\/api.w.org\/{rel}","templated":true}]}}