{"id":1169,"date":"2017-05-17T10:46:00","date_gmt":"2017-05-17T09:46:00","guid":{"rendered":"http:\/\/www.yczn.cz\/?page_id=1169"},"modified":"2018-09-13T19:09:46","modified_gmt":"2018-09-13T18:09:46","slug":"neco-o-lodich","status":"publish","type":"page","link":"https:\/\/www.yczn.cz\/?page_id=1169","title":{"rendered":"Na\u0161e flotila"},"content":{"rendered":"<h3>Na t\u00e9to str\u00e1nce p\u0159edstavujeme stru\u010dn\u011b na\u0161i flotilu. Jsou zde lod\u011b jak z\u00e1vodn\u00ed, tak i \u010dist\u011b rekrea\u010dn\u00ed. Dal\u0161\u00ed podrobn\u011bj\u0161\u00ed informace o lod\u00edch\u00a0se dozv\u00edte prost\u0159ednictv\u00edm odkaz\u016f um\u00edst\u011bn\u00fdch\u00a0na jednotliv\u00fdch\u00a0str\u00e1nk\u00e1ch.<\/h3>\n<h3>Lodn\u00ed t\u0159\u00eddy:<\/h3>\n<ul>\n<li>\n<h3><a href=\"http:\/\/www.yczn.cz\/?page_id=1178\">Optimist<\/a> &#8211; Mal\u00e1 jednopos\u00e1dkov\u00e1 plachgetnice pro nejmlad\u0161\u00ed jachta\u0159e<\/h3>\n<\/li>\n<li>\n<h3><a href=\"http:\/\/www.yczn.cz\/?page_id=1174\">Vaurien<\/a>\u00a0&#8211; Okruhov\u00e1 rekrea\u010dn\u011b-sportovn\u00ed dvoupos\u00e1dkov\u00e1 plachetnice.<\/h3>\n<\/li>\n<li>\n<h3><a href=\"http:\/\/www.yczn.cz\/?page_id=1182\">Star<\/a>\u00a0&#8211; Sout\u011b\u017en\u00ed dvoupos\u00e1dkov\u00e1 plachetnice. Olympijsk\u00e1 t\u0159\u00edda.<\/h3>\n<\/li>\n<li>\n<h3><a href=\"http:\/\/www.yczn.cz\/?page_id=1220\">Tango<\/a>\u00a0&#8211; Kajutov\u00e1 rekrea\u010dn\u011b sportovn\u00ed jachta.<\/h3>\n<\/li>\n<li>\n<h3>Saturn &#8211; Kajutov\u00e1\u00a0sportovn\u00ed plachetnice.<\/h3>\n<\/li>\n<li>\n<h3>Saturn Electro &#8211; Elektroverze kajutov\u00e9 plachetnice\u00a0Saturn\u00a0bez oplacht\u011bn\u00ed.<\/h3>\n<\/li>\n<li>\n<h3><a href=\"http:\/\/www.yczn.cz\/?page_id=1201\">Micro<\/a>\u00a0&#8211; Mal\u00e1 sportovn\u00ed kajutovka &#8211; existuje mnoho verz\u00ed a modifikac\u00ed.<\/h3>\n<\/li>\n<li>\n<h3><a href=\"http:\/\/www.yczn.cz\/?page_id=1191\">Sportina<\/a>\u00a0&#8211; Men\u0161\u00ed sportovn\u011b rekrea\u010dn\u00ed kajutov\u00e1 plachetnice.<\/h3>\n<\/li>\n<li>\n<h3><a href=\"http:\/\/www.yczn.cz\/?page_id=1227\">Majestic<\/a>\u00a0&#8211; Rekrea\u010dn\u00ed, sportovn\u00ed a\u017e ryze okruhov\u00e1 z\u00e1vodn\u00ed kajutovka.<\/h3>\n<\/li>\n<li>\n<h3><a href=\"http:\/\/www.yczn.cz\/?page_id=1214\">Avar Tobago<\/a>\u00a0&#8211; Jedna z v\u011bt\u0161\u00edch kajutov\u00fdch plachetnic vhodn\u00e1 i k plavb\u011b na mo\u0159i.<\/h3>\n<\/li>\n<li>\n<h3><a href=\"http:\/\/www.yczn.cz\/?page_id=1230\">Sasanka<\/a>\u00a0&#8211; Rekrea\u010dn\u00ed kajutovka st\u0159edn\u00ed velikosti.<\/h3>\n<\/li>\n<li>\n<h3><a href=\"http:\/\/www.yczn.cz\/?page_id=2503\">Delhia 24<\/a> &#8211; Sportovn\u00ed a\u017e ryze okruhov\u00e1 z\u00e1vodn\u00ed kajutovka.<\/h3>\n<\/li>\n<\/ul>\n","protected":false},"excerpt":{"rendered":"<p>Na t\u00e9to str\u00e1nce p\u0159edstavujeme stru\u010dn\u011b na\u0161i flotilu. Jsou zde lod\u011b jak z\u00e1vodn\u00ed, tak i \u010dist\u011b rekrea\u010dn\u00ed. Dal\u0161\u00ed podrobn\u011bj\u0161\u00ed informace o lod\u00edch\u00a0se dozv\u00edte prost\u0159ednictv\u00edm odkaz\u016f um\u00edst\u011bn\u00fdch\u00a0na jednotliv\u00fdch\u00a0str\u00e1nk\u00e1ch. Lodn\u00ed t\u0159\u00eddy: Optimist &#8211; Mal\u00e1 jednopos\u00e1dkov\u00e1 plachgetnice pro nejmlad\u0161\u00ed jachta\u0159e Vaurien\u00a0&#8211; Okruhov\u00e1 rekrea\u010dn\u011b-sportovn\u00ed dvoupos\u00e1dkov\u00e1 plachetnice. Star\u00a0&#8211; Sout\u011b\u017en\u00ed dvoupos\u00e1dkov\u00e1 plachetnice. Olympijsk\u00e1 t\u0159\u00edda. Tango\u00a0&#8211; Kajutov\u00e1 rekrea\u010dn\u011b sportovn\u00ed jachta. Saturn &#8211; Kajutov\u00e1\u00a0sportovn\u00ed &hellip; <\/p>\n<p class=\"link-more\"><a href=\"https:\/\/www.yczn.cz\/?page_id=1169\" class=\"read-more\">Read More<span class=\"screen-reader-text\"> &#8222;Na\u0161e flotila&#8220;<\/span><\/a><\/p>\n","protected":false},"author":1,"featured_media":0,"parent":0,"menu_order":0,"comment_status":"closed","ping_status":"closed","template":"","meta":{"footnotes":""},"class_list":["post-1169","page","type-page","status-publish","hentry"],"_links":{"self":[{"href":"https:\/\/www.yczn.cz\/index.php?rest_route=\/wp\/v2\/pages\/1169","targetHints":{"allow":["GET"]}}],"collection":[{"href":"https:\/\/www.yczn.cz\/index.php?rest_route=\/wp\/v2\/pages"}],"about":[{"href":"https:\/\/www.yczn.cz\/index.php?rest_route=\/wp\/v2\/types\/page"}],"author":[{"embeddable":true,"href":"https:\/\/www.yczn.cz\/index.php?rest_route=\/wp\/v2\/users\/1"}],"replies":[{"embeddable":true,"href":"https:\/\/www.yczn.cz\/index.php?rest_route=%2Fwp%2Fv2%2Fcomments&post=1169"}],"version-history":[{"count":12,"href":"https:\/\/www.yczn.cz\/index.php?rest_route=\/wp\/v2\/pages\/1169\/revisions"}],"predecessor-version":[{"id":2508,"href":"https:\/\/www.yczn.cz\/index.php?rest_route=\/wp\/v2\/pages\/1169\/revisions\/2508"}],"wp:attachment":[{"href":"https:\/\/www.yczn.cz\/index.php?rest_route=%2Fwp%2Fv2%2Fmedia&parent=1169"}],"curies":[{"name":"wp","href":"https:\/\/api.w.org\/{rel}","templated":true}]}}