{"id":1174,"date":"2017-05-17T10:59:21","date_gmt":"2017-05-17T09:59:21","guid":{"rendered":"http:\/\/www.yczn.cz\/?page_id=1174"},"modified":"2017-05-30T13:09:07","modified_gmt":"2017-05-30T12:09:07","slug":"vaurien","status":"publish","type":"page","link":"https:\/\/www.yczn.cz\/?page_id=1174","title":{"rendered":"Vaurien"},"content":{"rendered":"<p>Vaurien je t\u0159\u00edda sportovn\u00edch plachetnic pro pos\u00e1dku 2 osob, o d\u00e9lce \u010dty\u0159 metr\u016f a celkovou plochou plachet 19,9 m\u00b2 (v\u010detn\u011b spinakru). Konstrukt\u00e9rem lodi byl francouzsk\u00fd jachta\u0159 a design\u00e9r Jean-Jaques Herbulot. Od roku 1961 je plachetnice Vaurien uzn\u00e1na jako mezin\u00e1rodn\u00ed t\u0159\u00edda Mezin\u00e1rodn\u00ed jachta\u0159sk\u00e1 federace (International Sailing Federation).<\/p>\n<p>D\u00e9lka: 4, 08m\u00a0\u00a0\u00a0\u00a0 \u0160\u00ed\u0159ka: 1,47m\u00a0\u00a0\u00a0\u00a0 Hmotnost: 95Kg\u00a0\u00a0\u00a0\u00a0 Plachty: 8,10m\u00b2\u00a0\u00a0\u00a0\u00a0 Spinakr: 8,10m\u00b2<\/p>\n<p><span id=\"V.C3.BDvoj\" class=\"mw-headline\">V\u00fdvoj<\/span><\/p>\n<p>Plachetnice Vaurien proch\u00e1z\u00ed v sou\u010dasn\u00e9 dob\u011b v\u00fdvojov\u00fdmi zm\u011bnami, kter\u00e9 se t\u00fdkaj\u00ed zejm\u00e9na oplacht\u011bn\u00ed. Celkov\u00e1 plocha plachet se zv\u011bt\u0161ila z p\u016fvodn\u00edch 16,2 m\u00b2 na sou\u010dasn\u00fdch 19,9 m\u00b2, z \u010deho\u017e necelou polovinu tvo\u0159\u00ed spinakr, 9,4 m\u00b2. Tyto zm\u011bny tak \u010din\u00ed plachetnici Vaurien atraktivn\u011bj\u0161\u00ed ne\u017e d\u0159\u00edve. Optim\u00e1ln\u00ed v\u00e1ha pos\u00e1dky je 100 \u2013 150 kg (zahrnuje v\u0161emo\u017en\u00e9 kombinace jachta\u0159\u016f), v\u011bkem nen\u00ed tato plachetnice t\u00e9m\u011b\u0159 omezena, hlavn\u00ed motto zn\u00ed <i>\u201eAs long as you feel young\u201c<\/i>. Vaurien je zkr\u00e1tka plachetnic\u00ed pro ka\u017ed\u00e9ho. D\u016fkazem toho jsou aktivn\u00ed z\u00e1vodn\u00edci ve v\u011bku 10 \u2013 70 let.<\/p>\n<p><span id=\"Roz.C5.A1.C3.AD.C5.99en.C3.AD_v_.C4.8Cesk.C3.A9_republice\" class=\"mw-headline\">Roz\u0161\u00ed\u0159en\u00ed v \u010cesk\u00e9 republice<\/span><\/p>\n<p>Do \u010cech se tato plachetnice dostala v roce 1973. Od t\u00e9to doby p\u0159edev\u0161\u00edm vzhledem k cenov\u00e9 dostupnosti z\u00e1jem o z\u00e1vod\u011bn\u00ed st\u00e1le stoup\u00e1. Po roce 1989 se otev\u0159ela cesta k zahrani\u010dn\u00edm z\u00e1vod\u016fm a z\u00e1vodn\u00edci tak za\u010d\u00ednaj\u00ed z\u00edsk\u00e1vat i cenn\u00e1 um\u00edst\u011bn\u00ed v mezin\u00e1rodn\u00edch regat\u00e1ch.<\/p>\n<p>&nbsp;<\/p>\n<p><a href=\"http:\/\/www.yczn.cz\/wp-content\/uploads\/2017\/05\/Vaurien.png\"><br \/>\n<\/a><a href=\"http:\/\/www.yczn.cz\/wp-content\/uploads\/2017\/05\/Vaurien.png\" target=\"_blank\" rel=\"noopener noreferrer\"><img loading=\"lazy\" decoding=\"async\" class=\"alignleft wp-image-1175 size-thumbnail\" src=\"http:\/\/www.yczn.cz\/wp-content\/uploads\/2017\/05\/Vaurien-150x150.png\" alt=\"\" width=\"150\" height=\"150\" \/><\/a><\/p>\n<p>&nbsp;<\/p>\n<p>&nbsp;<\/p>\n<p style=\"text-align: center;\"><a href=\"http:\/\/www.vaurien.org\" target=\"_blank\" rel=\"noopener noreferrer\">http:\/\/www.vaurien.org<\/a><\/p>\n<p style=\"text-align: center;\"><a href=\"http:\/\/www.vaurien.cz\" target=\"_blank\" rel=\"noopener noreferrer\">http:\/\/www.vaurien.cz<\/a><\/p>\n<p style=\"text-align: left;\">Zastoupen\u00ed t\u0159\u00eddy v YCZN: Karel Vacula, Karel Vacula ml., Jan Vacula, Miroslav V\u00edtek, Roman Brad\u00e1\u010d,\u00a0Rudolf Pavka, a dal\u0161\u00ed&#8230;..<\/p>\n<h3 style=\"text-align: left;\"><a href=\"http:\/\/www.yczn.cz\/?page_id=1169\">Zp\u011bt na lod\u011b<\/a><\/h3>\n","protected":false},"excerpt":{"rendered":"<p>Vaurien je t\u0159\u00edda sportovn\u00edch plachetnic pro pos\u00e1dku 2 osob, o d\u00e9lce \u010dty\u0159 metr\u016f a celkovou plochou plachet 19,9 m\u00b2 (v\u010detn\u011b spinakru). Konstrukt\u00e9rem lodi byl francouzsk\u00fd jachta\u0159 a design\u00e9r Jean-Jaques Herbulot. Od roku 1961 je plachetnice Vaurien uzn\u00e1na jako mezin\u00e1rodn\u00ed t\u0159\u00edda Mezin\u00e1rodn\u00ed jachta\u0159sk\u00e1 federace (International Sailing Federation). D\u00e9lka: 4, 08m\u00a0\u00a0\u00a0\u00a0 \u0160\u00ed\u0159ka: 1,47m\u00a0\u00a0\u00a0\u00a0 Hmotnost: 95Kg\u00a0\u00a0\u00a0\u00a0 Plachty: 8,10m\u00b2\u00a0\u00a0\u00a0\u00a0 &hellip; <\/p>\n<p class=\"link-more\"><a href=\"https:\/\/www.yczn.cz\/?page_id=1174\" class=\"read-more\">Read More<span class=\"screen-reader-text\"> &#8222;Vaurien&#8220;<\/span><\/a><\/p>\n","protected":false},"author":1,"featured_media":0,"parent":0,"menu_order":0,"comment_status":"closed","ping_status":"closed","template":"","meta":{"footnotes":""},"class_list":["post-1174","page","type-page","status-publish","hentry"],"_links":{"self":[{"href":"https:\/\/www.yczn.cz\/index.php?rest_route=\/wp\/v2\/pages\/1174","targetHints":{"allow":["GET"]}}],"collection":[{"href":"https:\/\/www.yczn.cz\/index.php?rest_route=\/wp\/v2\/pages"}],"about":[{"href":"https:\/\/www.yczn.cz\/index.php?rest_route=\/wp\/v2\/types\/page"}],"author":[{"embeddable":true,"href":"https:\/\/www.yczn.cz\/index.php?rest_route=\/wp\/v2\/users\/1"}],"replies":[{"embeddable":true,"href":"https:\/\/www.yczn.cz\/index.php?rest_route=%2Fwp%2Fv2%2Fcomments&post=1174"}],"version-history":[{"count":9,"href":"https:\/\/www.yczn.cz\/index.php?rest_route=\/wp\/v2\/pages\/1174\/revisions"}],"predecessor-version":[{"id":1347,"href":"https:\/\/www.yczn.cz\/index.php?rest_route=\/wp\/v2\/pages\/1174\/revisions\/1347"}],"wp:attachment":[{"href":"https:\/\/www.yczn.cz\/index.php?rest_route=%2Fwp%2Fv2%2Fmedia&parent=1174"}],"curies":[{"name":"wp","href":"https:\/\/api.w.org\/{rel}","templated":true}]}}