{"id":1178,"date":"2017-05-17T11:05:47","date_gmt":"2017-05-17T10:05:47","guid":{"rendered":"http:\/\/www.yczn.cz\/?page_id=1178"},"modified":"2017-05-17T18:27:29","modified_gmt":"2017-05-17T17:27:29","slug":"optimist","status":"publish","type":"page","link":"https:\/\/www.yczn.cz\/?page_id=1178","title":{"rendered":"Optimist"},"content":{"rendered":"<p>Optimist je t\u0159\u00edda sportovn\u00edch plachetnic, jde o pom\u011brn\u011b malou lo\u010f bez z\u00fa\u017een\u00e9 p\u0159\u00edd\u011b. Je vhodn\u00e1 pro z\u00e1vodn\u00edky od 6 do 15 let. Je to sv\u011btov\u011b nejroz\u0161\u00ed\u0159en\u011bj\u0161\u00ed jednopos\u00e1dkov\u00e1 lo\u010f.<\/p>\n<p><span id=\"Popis\">Popis<\/span><\/p>\n<p>Z\u00e1kladem je k\u0159ehk\u00e1 sko\u0159epinov\u00e1 konstrukce ze d\u0159eva nebo lamin\u00e1tu, kter\u00e1 p\u0159ipom\u00edn\u00e1 kv\u00e1dr. Uprost\u0159ed je zasazena vyj\u00edmateln\u00e1 ploutev (ka\u010da), kterou se reguluje ponor a zaji\u0161\u0165uje sm\u011br lodi. Vzadu je upevn\u011bno kormidlo a p\u0159ed ka\u010dou vep\u0159edu je zasazen st\u011b\u017ee\u0148, kolmo na n\u011bj je r\u00e1hno a pnut\u00ed plachty zaji\u0161\u0165uje sprit. Ot\u011b\u017ee, jimi\u017e se dotahuje plachta, jsou p\u0159ipevn\u011bn\u00e9 na r\u00e1hno a p\u0159es kladku veden\u00e9 zp\u011bt do lod\u011b.<\/p>\n<h2><span id=\"Optimist_v_.C4.8Cesku\">Optimist u n\u00e1s<\/span><\/h2>\n<p>T\u0159\u00edda optimist je za\u010d\u00e1te\u010dnick\u00e1 lo\u010f pro v\u0161echny nad\u0161ence do jachtingu. V \u010cesk\u00e9 republice je tato t\u0159\u00edda velmi roz\u0161\u00ed\u0159en\u00e1. Nejv\u00edce jich jezd\u00ed hlavn\u011b na Lipensk\u00e9 p\u0159ehrad\u011b, Nechranic\u00edch, Nov\u00fdch Ml\u00fdnech, Bolev\u00e1ku, Brn\u011bnsk\u00e9 p\u0159ehrad\u011b, ale tak\u00e9 na Vltav\u011b v Praze. V \u010cesk\u00e9 republice je tak\u00e9 p\u00e1r jachta\u0159\u016f, kte\u0159\u00ed na t\u00e9to lodi dok\u00e1zali ud\u011blat i v\u00fdsledky mimo \u010ceskou republiku.<\/p>\n<p><a href=\"http:\/\/www.yczn.cz\/wp-content\/uploads\/2017\/05\/Optimist.png\" target=\"_blank\" rel=\"noopener noreferrer\"><img loading=\"lazy\" decoding=\"async\" class=\"alignleft wp-image-1179 size-thumbnail\" src=\"http:\/\/www.yczn.cz\/wp-content\/uploads\/2017\/05\/Optimist-150x150.png\" alt=\"\" width=\"150\" height=\"150\" \/><br \/>\n<\/a><\/p>\n<p>&nbsp;<\/p>\n<p>&nbsp;<\/p>\n<p>&nbsp;<\/p>\n<p>&nbsp;<\/p>\n<p>Zastoupen\u00ed t\u0159\u00eddy v YCZN: B\u00e1ra Proch\u00e1zkov\u00e1, Adam Ott, Luk\u00e1\u0161 Pavka<\/p>\n<p>&nbsp;<\/p>\n<h3><a href=\"http:\/\/www.yczn.cz\/?page_id=1169\">Zp\u011bt na lod\u011b<\/a><\/h3>\n","protected":false},"excerpt":{"rendered":"<p>Optimist je t\u0159\u00edda sportovn\u00edch plachetnic, jde o pom\u011brn\u011b malou lo\u010f bez z\u00fa\u017een\u00e9 p\u0159\u00edd\u011b. Je vhodn\u00e1 pro z\u00e1vodn\u00edky od 6 do 15 let. Je to sv\u011btov\u011b nejroz\u0161\u00ed\u0159en\u011bj\u0161\u00ed jednopos\u00e1dkov\u00e1 lo\u010f. Popis Z\u00e1kladem je k\u0159ehk\u00e1 sko\u0159epinov\u00e1 konstrukce ze d\u0159eva nebo lamin\u00e1tu, kter\u00e1 p\u0159ipom\u00edn\u00e1 kv\u00e1dr. Uprost\u0159ed je zasazena vyj\u00edmateln\u00e1 ploutev (ka\u010da), kterou se reguluje ponor a zaji\u0161\u0165uje sm\u011br lodi. &hellip; <\/p>\n<p class=\"link-more\"><a href=\"https:\/\/www.yczn.cz\/?page_id=1178\" class=\"read-more\">Read More<span class=\"screen-reader-text\"> &#8222;Optimist&#8220;<\/span><\/a><\/p>\n","protected":false},"author":1,"featured_media":0,"parent":0,"menu_order":0,"comment_status":"closed","ping_status":"closed","template":"","meta":{"footnotes":""},"class_list":["post-1178","page","type-page","status-publish","hentry"],"_links":{"self":[{"href":"https:\/\/www.yczn.cz\/index.php?rest_route=\/wp\/v2\/pages\/1178","targetHints":{"allow":["GET"]}}],"collection":[{"href":"https:\/\/www.yczn.cz\/index.php?rest_route=\/wp\/v2\/pages"}],"about":[{"href":"https:\/\/www.yczn.cz\/index.php?rest_route=\/wp\/v2\/types\/page"}],"author":[{"embeddable":true,"href":"https:\/\/www.yczn.cz\/index.php?rest_route=\/wp\/v2\/users\/1"}],"replies":[{"embeddable":true,"href":"https:\/\/www.yczn.cz\/index.php?rest_route=%2Fwp%2Fv2%2Fcomments&post=1178"}],"version-history":[{"count":5,"href":"https:\/\/www.yczn.cz\/index.php?rest_route=\/wp\/v2\/pages\/1178\/revisions"}],"predecessor-version":[{"id":1289,"href":"https:\/\/www.yczn.cz\/index.php?rest_route=\/wp\/v2\/pages\/1178\/revisions\/1289"}],"wp:attachment":[{"href":"https:\/\/www.yczn.cz\/index.php?rest_route=%2Fwp%2Fv2%2Fmedia&parent=1178"}],"curies":[{"name":"wp","href":"https:\/\/api.w.org\/{rel}","templated":true}]}}