{"id":1227,"date":"2017-05-17T12:19:55","date_gmt":"2017-05-17T11:19:55","guid":{"rendered":"http:\/\/www.yczn.cz\/?page_id=1227"},"modified":"2017-05-17T18:29:48","modified_gmt":"2017-05-17T17:29:48","slug":"majestic","status":"publish","type":"page","link":"https:\/\/www.yczn.cz\/?page_id=1227","title":{"rendered":"Majestic"},"content":{"rendered":"<p>Majestic 24 Racer<\/p>\n<p>Kajutov\u00e1 plachetnice polsk\u00e9ho konstrukt\u00e9ra Andrzeje Skrzata z roku 1999.<\/p>\n<p><a href=\"http:\/\/www.yczn.cz\/wp-content\/uploads\/2017\/05\/Majestic_Racer.jpg\" target=\"_blank\" rel=\"noopener noreferrer\"><img loading=\"lazy\" decoding=\"async\" class=\"alignleft wp-image-1241 size-thumbnail\" src=\"http:\/\/www.yczn.cz\/wp-content\/uploads\/2017\/05\/Majestic_Racer-150x150.jpg\" alt=\"\" width=\"150\" height=\"150\" \/><\/a>D\u00e9lka: 7,30m, \u0160\u00ed\u0159ka: 2,50m<\/p>\n<p>Hmotnost: 850Kg (balast 370Kg)<\/p>\n<p>Plachty: Hlavn\u00ed: 20,0m\u00b2, Kosatka: 10,0\u00b2, Spinakr: 40m\u00b2<\/p>\n<p>Ponor: 0,26 &#8211; 1,40m, Pos\u00e1dka: a\u017e 5 osob<\/p>\n<p><a href=\"http:\/\/www.skrzat-design.pl\/02jachty-pl.html\" target=\"_blank\" rel=\"noopener noreferrer\">http:\/\/www.skrzat-design.pl\/02jachty-pl.html<\/a><\/p>\n<p>Zastoupen\u00ed t\u0159\u00eddy v YCZN: Bed\u0159ich Uhl\u00ed\u0159, David Bobu\u0161, Martin Fiala<\/p>\n<p>&nbsp;<\/p>\n<h3><a href=\"http:\/\/www.yczn.cz\/?page_id=1169\">Zp\u011bt na lod\u011b<\/a><\/h3>\n","protected":false},"excerpt":{"rendered":"<p>Majestic 24 Racer Kajutov\u00e1 plachetnice polsk\u00e9ho konstrukt\u00e9ra Andrzeje Skrzata z roku 1999. D\u00e9lka: 7,30m, \u0160\u00ed\u0159ka: 2,50m Hmotnost: 850Kg (balast 370Kg) Plachty: Hlavn\u00ed: 20,0m\u00b2, Kosatka: 10,0\u00b2, Spinakr: 40m\u00b2 Ponor: 0,26 &#8211; 1,40m, Pos\u00e1dka: a\u017e 5 osob http:\/\/www.skrzat-design.pl\/02jachty-pl.html Zastoupen\u00ed t\u0159\u00eddy v YCZN: Bed\u0159ich Uhl\u00ed\u0159, David Bobu\u0161, Martin Fiala &nbsp; Zp\u011bt na lod\u011b<\/p>\n","protected":false},"author":1,"featured_media":0,"parent":0,"menu_order":0,"comment_status":"closed","ping_status":"closed","template":"","meta":{"footnotes":""},"class_list":["post-1227","page","type-page","status-publish","hentry"],"_links":{"self":[{"href":"https:\/\/www.yczn.cz\/index.php?rest_route=\/wp\/v2\/pages\/1227","targetHints":{"allow":["GET"]}}],"collection":[{"href":"https:\/\/www.yczn.cz\/index.php?rest_route=\/wp\/v2\/pages"}],"about":[{"href":"https:\/\/www.yczn.cz\/index.php?rest_route=\/wp\/v2\/types\/page"}],"author":[{"embeddable":true,"href":"https:\/\/www.yczn.cz\/index.php?rest_route=\/wp\/v2\/users\/1"}],"replies":[{"embeddable":true,"href":"https:\/\/www.yczn.cz\/index.php?rest_route=%2Fwp%2Fv2%2Fcomments&post=1227"}],"version-history":[{"count":5,"href":"https:\/\/www.yczn.cz\/index.php?rest_route=\/wp\/v2\/pages\/1227\/revisions"}],"predecessor-version":[{"id":1293,"href":"https:\/\/www.yczn.cz\/index.php?rest_route=\/wp\/v2\/pages\/1227\/revisions\/1293"}],"wp:attachment":[{"href":"https:\/\/www.yczn.cz\/index.php?rest_route=%2Fwp%2Fv2%2Fmedia&parent=1227"}],"curies":[{"name":"wp","href":"https:\/\/api.w.org\/{rel}","templated":true}]}}