{"id":1230,"date":"2017-05-17T12:22:18","date_gmt":"2017-05-17T11:22:18","guid":{"rendered":"http:\/\/www.yczn.cz\/?page_id=1230"},"modified":"2017-06-07T20:54:04","modified_gmt":"2017-06-07T19:54:04","slug":"sasanka","status":"publish","type":"page","link":"https:\/\/www.yczn.cz\/?page_id=1230","title":{"rendered":"Sasanka"},"content":{"rendered":"<p>Sasanka 620<\/p>\n<p>Kajutov\u00e1 plachetnice polsk\u00e9ho konstrukt\u00e9ra Andrzeje Skrzata z roku 1989.<\/p>\n<p><a href=\"http:\/\/www.yczn.cz\/wp-content\/uploads\/2017\/05\/Sasanka_620.jpg\" target=\"_blank\" rel=\"noopener noreferrer\"><img loading=\"lazy\" decoding=\"async\" class=\"alignleft wp-image-1237 size-thumbnail\" src=\"http:\/\/www.yczn.cz\/wp-content\/uploads\/2017\/05\/Sasanka_620-150x150.jpg\" alt=\"\" width=\"150\" height=\"150\" \/><\/a>D\u00e9lka: 6,20m, \u0160\u00ed\u0159ka: 2,45m<\/p>\n<p>Hmotnost: 1100Kg (balast 270Kg)<\/p>\n<p>Plachty: Hlavn\u00ed: 11,7m\u00b2, Kosatka: 8,8 &#8211; 12m\u00b2, Spinakr: 30m\u00b2<\/p>\n<p>Ponor: 0,33 &#8211; 1,10m, Pos\u00e1dka: a\u017e 5 osob<\/p>\n<p><a href=\"http:\/\/www.skrzat-design.pl\/02jachty-pl.html\" target=\"_blank\" rel=\"noopener noreferrer\">http:\/\/www.skrzat-design.pl\/02jachty-pl.html<\/a><\/p>\n<p><a href=\"http:\/\/www.yczn.cz\/wp-content\/uploads\/2017\/05\/Sportina-595.jpg\">\u00a0<\/a>Zastoupen\u00ed t\u0159\u00eddy v YCZN: Josef David &#8211; <a href=\"http:\/\/www.sasanka670.wz.cz\/\" target=\"_blank\" rel=\"noopener noreferrer\">http:\/\/www.sasanka670.wz.cz\/<\/a><\/p>\n<p>&nbsp;<\/p>\n<h3><a href=\"http:\/\/www.yczn.cz\/?page_id=1169\">Zp\u011bt na lod\u011b<\/a><\/h3>\n","protected":false},"excerpt":{"rendered":"<p>Sasanka 620 Kajutov\u00e1 plachetnice polsk\u00e9ho konstrukt\u00e9ra Andrzeje Skrzata z roku 1989. D\u00e9lka: 6,20m, \u0160\u00ed\u0159ka: 2,45m Hmotnost: 1100Kg (balast 270Kg) Plachty: Hlavn\u00ed: 11,7m\u00b2, Kosatka: 8,8 &#8211; 12m\u00b2, Spinakr: 30m\u00b2 Ponor: 0,33 &#8211; 1,10m, Pos\u00e1dka: a\u017e 5 osob http:\/\/www.skrzat-design.pl\/02jachty-pl.html \u00a0Zastoupen\u00ed t\u0159\u00eddy v YCZN: Josef David &#8211; http:\/\/www.sasanka670.wz.cz\/ &nbsp; Zp\u011bt na lod\u011b<\/p>\n","protected":false},"author":1,"featured_media":0,"parent":0,"menu_order":0,"comment_status":"closed","ping_status":"closed","template":"","meta":{"footnotes":""},"class_list":["post-1230","page","type-page","status-publish","hentry"],"_links":{"self":[{"href":"https:\/\/www.yczn.cz\/index.php?rest_route=\/wp\/v2\/pages\/1230","targetHints":{"allow":["GET"]}}],"collection":[{"href":"https:\/\/www.yczn.cz\/index.php?rest_route=\/wp\/v2\/pages"}],"about":[{"href":"https:\/\/www.yczn.cz\/index.php?rest_route=\/wp\/v2\/types\/page"}],"author":[{"embeddable":true,"href":"https:\/\/www.yczn.cz\/index.php?rest_route=\/wp\/v2\/users\/1"}],"replies":[{"embeddable":true,"href":"https:\/\/www.yczn.cz\/index.php?rest_route=%2Fwp%2Fv2%2Fcomments&post=1230"}],"version-history":[{"count":6,"href":"https:\/\/www.yczn.cz\/index.php?rest_route=\/wp\/v2\/pages\/1230\/revisions"}],"predecessor-version":[{"id":1435,"href":"https:\/\/www.yczn.cz\/index.php?rest_route=\/wp\/v2\/pages\/1230\/revisions\/1435"}],"wp:attachment":[{"href":"https:\/\/www.yczn.cz\/index.php?rest_route=%2Fwp%2Fv2%2Fmedia&parent=1230"}],"curies":[{"name":"wp","href":"https:\/\/api.w.org\/{rel}","templated":true}]}}