{"id":124,"date":"2017-05-03T18:42:25","date_gmt":"2017-05-03T18:42:25","guid":{"rendered":"http:\/\/www.yczn.cz\/?page_id=124"},"modified":"2023-09-03T17:25:55","modified_gmt":"2023-09-03T16:25:55","slug":"nasi-partneri","status":"publish","type":"page","link":"https:\/\/www.yczn.cz\/?page_id=124","title":{"rendered":"Na\u0161i partne\u0159i"},"content":{"rendered":"<p>&nbsp;<\/p>\n<table style=\"height: 494px;\" border=\"0\" width=\"1191\" cellspacing=\"0\" cellpadding=\"0\">\n<colgroup>\n<col span=\"2\" width=\"1000\" \/><\/colgroup>\n<tbody>\n<tr>\n<td style=\"text-align: center;\" width=\"72\" height=\"19\">\u00a0<a href=\"http:\/\/www.voltax.cz\" target=\"_blank\" rel=\"noopener noreferrer\"><img loading=\"lazy\" decoding=\"async\" class=\"alignnone wp-image-1479\" src=\"http:\/\/www.yczn.cz\/wp-content\/uploads\/2017\/05\/Voltax_Alfa_Loga.jpg\" alt=\"\" width=\"273\" height=\"49\" srcset=\"https:\/\/www.yczn.cz\/wp-content\/uploads\/2017\/05\/Voltax_Alfa_Loga.jpg 1087w, https:\/\/www.yczn.cz\/wp-content\/uploads\/2017\/05\/Voltax_Alfa_Loga-300x54.jpg 300w, https:\/\/www.yczn.cz\/wp-content\/uploads\/2017\/05\/Voltax_Alfa_Loga-768x138.jpg 768w, https:\/\/www.yczn.cz\/wp-content\/uploads\/2017\/05\/Voltax_Alfa_Loga-1024x184.jpg 1024w\" sizes=\"auto, (max-width: 273px) 100vw, 273px\" \/><\/a><\/td>\n<td style=\"text-align: center;\" width=\"72\"><a href=\"http:\/\/www.hellyhansen.com\" target=\"_blank\" rel=\"noopener\"><img loading=\"lazy\" decoding=\"async\" class=\"alignnone wp-image-3685\" src=\"http:\/\/www.yczn.cz\/wp-content\/uploads\/2023\/09\/Helly_Hansen_logo.jpg\" alt=\"\" width=\"79\" height=\"62\" srcset=\"https:\/\/www.yczn.cz\/wp-content\/uploads\/2023\/09\/Helly_Hansen_logo.jpg 380w, https:\/\/www.yczn.cz\/wp-content\/uploads\/2023\/09\/Helly_Hansen_logo-300x235.jpg 300w\" sizes=\"auto, (max-width: 79px) 100vw, 79px\" \/><\/a><\/td>\n<\/tr>\n<tr>\n<td style=\"text-align: center;\" height=\"19\">\u00a0<strong>VOLTAX s.r.o.\u00a0<\/strong>&#8211; Gener\u00e1ln\u00ed sponzor z\u00e1vod\u016f VOLTAX regata<\/td>\n<td style=\"text-align: center;\">HELLY HANSEN &#8211; Outdoorov\u00e9 oble\u010den\u00ed a dopl\u0148ky<\/td>\n<\/tr>\n<tr>\n<td height=\"19\"><\/td>\n<td><\/td>\n<\/tr>\n<tr>\n<td style=\"text-align: center;\" height=\"19\"><a href=\"https:\/\/www.znojmocity.cz\/\" target=\"_blank\" rel=\"noopener noreferrer\"><img loading=\"lazy\" decoding=\"async\" class=\"wp-image-2565 aligncenter\" src=\"http:\/\/www.yczn.cz\/wp-content\/uploads\/2019\/02\/Znojmo.jpg\" alt=\"\" width=\"120\" height=\"44\" srcset=\"https:\/\/www.yczn.cz\/wp-content\/uploads\/2019\/02\/Znojmo.jpg 313w, https:\/\/www.yczn.cz\/wp-content\/uploads\/2019\/02\/Znojmo-300x110.jpg 300w\" sizes=\"auto, (max-width: 120px) 100vw, 120px\" \/><\/a><\/td>\n<td style=\"text-align: center;\">\u00a0<a href=\"http:\/\/www.sailing.cz\" target=\"_blank\" rel=\"noopener noreferrer\"><img loading=\"lazy\" decoding=\"async\" class=\"alignnone wp-image-337\" src=\"http:\/\/www.yczn.cz\/wp-content\/uploads\/2017\/05\/CSJ-300x60.jpg\" alt=\"\" width=\"219\" height=\"44\" srcset=\"https:\/\/www.yczn.cz\/wp-content\/uploads\/2017\/05\/CSJ-300x60.jpg 300w, https:\/\/www.yczn.cz\/wp-content\/uploads\/2017\/05\/CSJ-768x154.jpg 768w, https:\/\/www.yczn.cz\/wp-content\/uploads\/2017\/05\/CSJ-1024x205.jpg 1024w, https:\/\/www.yczn.cz\/wp-content\/uploads\/2017\/05\/CSJ.jpg 1715w\" sizes=\"auto, (max-width: 219px) 100vw, 219px\" \/><\/a><\/td>\n<\/tr>\n<tr>\n<td style=\"text-align: center;\" height=\"19\">\u00a0<strong>M\u011bsto Znojmo<\/strong> &#8211; historick\u00e9 m\u011bsto roku 2010<\/td>\n<td style=\"text-align: center;\">\u00a0<strong>\u010cSJ<\/strong>&#8211; \u010cesk\u00fd svaz jachtingu<\/td>\n<\/tr>\n<tr>\n<td height=\"19\"><\/td>\n<td><\/td>\n<\/tr>\n<tr>\n<td height=\"19\"><img loading=\"lazy\" decoding=\"async\" class=\"aligncenter wp-image-342\" src=\"http:\/\/www.yczn.cz\/wp-content\/uploads\/2017\/05\/TP_logo-300x184.jpg\" alt=\"\" width=\"72\" height=\"44\" srcset=\"https:\/\/www.yczn.cz\/wp-content\/uploads\/2017\/05\/TP_logo-300x184.jpg 300w, https:\/\/www.yczn.cz\/wp-content\/uploads\/2017\/05\/TP_logo-768x472.jpg 768w, https:\/\/www.yczn.cz\/wp-content\/uploads\/2017\/05\/TP_logo.jpg 831w\" sizes=\"auto, (max-width: 72px) 100vw, 72px\" \/><\/td>\n<td style=\"text-align: center;\">\u00a0<a href=\"http:\/\/ycvp.webz.cz\/\" target=\"_blank\" rel=\"noopener noreferrer\"><img loading=\"lazy\" decoding=\"async\" class=\"alignnone wp-image-1047\" src=\"http:\/\/www.yczn.cz\/wp-content\/uploads\/2017\/05\/YCVP_Logo.jpg\" alt=\"\" width=\"75\" height=\"44\" srcset=\"https:\/\/www.yczn.cz\/wp-content\/uploads\/2017\/05\/YCVP_Logo.jpg 1041w, https:\/\/www.yczn.cz\/wp-content\/uploads\/2017\/05\/YCVP_Logo-300x176.jpg 300w, https:\/\/www.yczn.cz\/wp-content\/uploads\/2017\/05\/YCVP_Logo-768x452.jpg 768w, https:\/\/www.yczn.cz\/wp-content\/uploads\/2017\/05\/YCVP_Logo-1024x602.jpg 1024w\" sizes=\"auto, (max-width: 75px) 100vw, 75px\" \/><\/a><\/td>\n<\/tr>\n<tr>\n<td style=\"text-align: center;\" height=\"19\">\u00a0<strong>TP Design<\/strong> &#8211; Reklamn\u00ed grafika a tisk<\/td>\n<td style=\"text-align: center;\">\u00a0Yacht Club Vranovsk\u00e1 p\u0159ehrada<\/td>\n<\/tr>\n<tr>\n<td height=\"19\"><\/td>\n<td><\/td>\n<\/tr>\n<tr>\n<td height=\"19\"><a href=\"http:\/\/www.bvbrumovice.cz\" target=\"_blank\" rel=\"noopener noreferrer\"><img loading=\"lazy\" decoding=\"async\" class=\"aligncenter wp-image-2991\" src=\"http:\/\/www.yczn.cz\/wp-content\/uploads\/2020\/09\/BV_Logo.jpg\" alt=\"\" width=\"138\" height=\"44\" srcset=\"https:\/\/www.yczn.cz\/wp-content\/uploads\/2020\/09\/BV_Logo.jpg 920w, https:\/\/www.yczn.cz\/wp-content\/uploads\/2020\/09\/BV_Logo-300x96.jpg 300w, https:\/\/www.yczn.cz\/wp-content\/uploads\/2020\/09\/BV_Logo-768x245.jpg 768w\" sizes=\"auto, (max-width: 138px) 100vw, 138px\" \/><\/a><\/td>\n<td><a href=\"https:\/\/elvyz.webnode.cz\/\" target=\"_blank\" rel=\"noopener noreferrer\"><img loading=\"lazy\" decoding=\"async\" class=\"aligncenter wp-image-2992\" src=\"http:\/\/www.yczn.cz\/wp-content\/uploads\/2020\/09\/Elvyz_Logo.jpg\" alt=\"\" width=\"138\" height=\"44\" srcset=\"https:\/\/www.yczn.cz\/wp-content\/uploads\/2020\/09\/Elvyz_Logo.jpg 920w, https:\/\/www.yczn.cz\/wp-content\/uploads\/2020\/09\/Elvyz_Logo-300x96.jpg 300w, https:\/\/www.yczn.cz\/wp-content\/uploads\/2020\/09\/Elvyz_Logo-768x245.jpg 768w\" sizes=\"auto, (max-width: 138px) 100vw, 138px\" \/><\/a><\/td>\n<\/tr>\n<tr>\n<td style=\"text-align: center;\" height=\"19\"><strong>BV Brumovice &#8211; V\u00fdtahy s.r.o.<\/strong><\/td>\n<td style=\"text-align: center;\"><strong>Elv\u00fdz s.r.o.<\/strong> &#8211; Mont\u00e1\u017ee a servis v\u00fdtah\u016f<\/td>\n<\/tr>\n<tr>\n<td height=\"19\"><\/td>\n<td><\/td>\n<\/tr>\n<tr>\n<td style=\"text-align: center;\" height=\"19\">\u00a0<a href=\"http:\/\/www.pmo.cz\" target=\"_blank\" rel=\"noopener noreferrer\"><img loading=\"lazy\" decoding=\"async\" class=\"alignnone wp-image-341\" src=\"http:\/\/www.yczn.cz\/wp-content\/uploads\/2017\/05\/Povodi_Moravy_Loog-292x300.jpg\" alt=\"\" width=\"43\" height=\"44\" srcset=\"https:\/\/www.yczn.cz\/wp-content\/uploads\/2017\/05\/Povodi_Moravy_Loog-292x300.jpg 292w, https:\/\/www.yczn.cz\/wp-content\/uploads\/2017\/05\/Povodi_Moravy_Loog-150x150.jpg 150w, https:\/\/www.yczn.cz\/wp-content\/uploads\/2017\/05\/Povodi_Moravy_Loog-768x788.jpg 768w, https:\/\/www.yczn.cz\/wp-content\/uploads\/2017\/05\/Povodi_Moravy_Loog-998x1024.jpg 998w, https:\/\/www.yczn.cz\/wp-content\/uploads\/2017\/05\/Povodi_Moravy_Loog.jpg 1116w\" sizes=\"auto, (max-width: 43px) 100vw, 43px\" \/><\/a><\/td>\n<td><a href=\"http:\/\/www.plavebniurad.cz\" target=\"_blank\" rel=\"noopener noreferrer\"><img loading=\"lazy\" decoding=\"async\" class=\"aligncenter wp-image-339\" src=\"http:\/\/www.yczn.cz\/wp-content\/uploads\/2017\/05\/SPS.jpg\" alt=\"\" width=\"44\" height=\"44\" srcset=\"https:\/\/www.yczn.cz\/wp-content\/uploads\/2017\/05\/SPS.jpg 237w, https:\/\/www.yczn.cz\/wp-content\/uploads\/2017\/05\/SPS-150x150.jpg 150w\" sizes=\"auto, (max-width: 44px) 100vw, 44px\" \/><\/a><\/td>\n<\/tr>\n<tr>\n<td style=\"text-align: center;\" height=\"19\">\u00a0<strong>Povod\u00ed Moravy<\/strong> &#8211; Z\u00e1vod\u00a0Dyje<\/td>\n<td style=\"text-align: center;\">\u00a0<strong>St\u00e1tn\u00ed plavebn\u00ed spr\u00e1va<\/strong> &#8211; P\u0159erov<\/td>\n<\/tr>\n<\/tbody>\n<\/table>\n<p>&nbsp;<\/p>\n<p>&nbsp;<\/p>\n","protected":false},"excerpt":{"rendered":"<p>&nbsp; \u00a0 \u00a0VOLTAX s.r.o.\u00a0&#8211; Gener\u00e1ln\u00ed sponzor z\u00e1vod\u016f VOLTAX regata HELLY HANSEN &#8211; Outdoorov\u00e9 oble\u010den\u00ed a dopl\u0148ky \u00a0 \u00a0M\u011bsto Znojmo &#8211; historick\u00e9 m\u011bsto roku 2010 \u00a0\u010cSJ&#8211; \u010cesk\u00fd svaz jachtingu \u00a0 \u00a0TP Design &#8211; Reklamn\u00ed grafika a tisk \u00a0Yacht Club Vranovsk\u00e1 p\u0159ehrada BV Brumovice &#8211; V\u00fdtahy s.r.o. Elv\u00fdz s.r.o. &#8211; Mont\u00e1\u017ee a servis v\u00fdtah\u016f \u00a0 \u00a0Povod\u00ed Moravy &hellip; <\/p>\n<p class=\"link-more\"><a href=\"https:\/\/www.yczn.cz\/?page_id=124\" class=\"read-more\">Read More<span class=\"screen-reader-text\"> &#8222;Na\u0161i partne\u0159i&#8220;<\/span><\/a><\/p>\n","protected":false},"author":1,"featured_media":0,"parent":0,"menu_order":0,"comment_status":"closed","ping_status":"closed","template":"","meta":{"footnotes":""},"class_list":["post-124","page","type-page","status-publish","hentry"],"_links":{"self":[{"href":"https:\/\/www.yczn.cz\/index.php?rest_route=\/wp\/v2\/pages\/124","targetHints":{"allow":["GET"]}}],"collection":[{"href":"https:\/\/www.yczn.cz\/index.php?rest_route=\/wp\/v2\/pages"}],"about":[{"href":"https:\/\/www.yczn.cz\/index.php?rest_route=\/wp\/v2\/types\/page"}],"author":[{"embeddable":true,"href":"https:\/\/www.yczn.cz\/index.php?rest_route=\/wp\/v2\/users\/1"}],"replies":[{"embeddable":true,"href":"https:\/\/www.yczn.cz\/index.php?rest_route=%2Fwp%2Fv2%2Fcomments&post=124"}],"version-history":[{"count":44,"href":"https:\/\/www.yczn.cz\/index.php?rest_route=\/wp\/v2\/pages\/124\/revisions"}],"predecessor-version":[{"id":3687,"href":"https:\/\/www.yczn.cz\/index.php?rest_route=\/wp\/v2\/pages\/124\/revisions\/3687"}],"wp:attachment":[{"href":"https:\/\/www.yczn.cz\/index.php?rest_route=%2Fwp%2Fv2%2Fmedia&parent=124"}],"curies":[{"name":"wp","href":"https:\/\/api.w.org\/{rel}","templated":true}]}}