{"id":2512,"date":"2018-10-11T20:35:23","date_gmt":"2018-10-11T19:35:23","guid":{"rendered":"http:\/\/www.yczn.cz\/?page_id=2512"},"modified":"2026-01-16T11:05:29","modified_gmt":"2026-01-16T10:05:29","slug":"inzertni-sloupek","status":"publish","type":"page","link":"https:\/\/www.yczn.cz\/?page_id=2512","title":{"rendered":"Inzertn\u00ed sloupek"},"content":{"rendered":"<h3>1.<\/h3>\n<p>Ahojte.<\/p>\n<p>Dostali jsme od \u010cendy Herolda nab\u00eddku na dva spalovac\u00ed motory.<\/p>\n<p>Zde z\u00e1kladn\u00ed informace, p\u0159esn\u011bji u \u010cendy &#8211; 608 713 068<\/p>\n<p>Mercury 4k &#8211; r.v. 2013 &#8211; velmi p\u011bkn\u00fd, servisovan\u00fd, nov\u00fd karbur\u00e1tor, v\u010d. n\u00e1dr\u017ee, je\u017ed\u011bn\u00fd jen na sladk\u00e9 vod\u011b &#8211; 18.000k\u010d<\/p>\n<p>Suzuki 6k &#8211; r.v. 2017, ca 20mth &#8211; jak \u010derstv\u011b vyta\u017een\u00fd z krabice, v\u010d. nadr\u017ee a ve\u0161ker\u00fdch doklad\u016f ( n\u00e1kup, servisy&#8230; ) &#8211; 27.000K\u010d ( nov\u00fd 40.000 K\u010d)<\/p>\n<p>&nbsp;<\/p>\n<p>&nbsp;<\/p>\n<hr \/>\n<p>&nbsp;<\/p>\n","protected":false},"excerpt":{"rendered":"<p>1. Ahojte. Dostali jsme od \u010cendy Herolda nab\u00eddku na dva spalovac\u00ed motory. Zde z\u00e1kladn\u00ed informace, p\u0159esn\u011bji u \u010cendy &#8211; 608 713 068 Mercury 4k &#8211; r.v. 2013 &#8211; velmi p\u011bkn\u00fd, servisovan\u00fd, nov\u00fd karbur\u00e1tor, v\u010d. n\u00e1dr\u017ee, je\u017ed\u011bn\u00fd jen na sladk\u00e9 vod\u011b &#8211; 18.000k\u010d Suzuki 6k &#8211; r.v. 2017, ca 20mth &#8211; jak \u010derstv\u011b vyta\u017een\u00fd z krabice, &hellip; <\/p>\n<p class=\"link-more\"><a href=\"https:\/\/www.yczn.cz\/?page_id=2512\" class=\"read-more\">Read More<span class=\"screen-reader-text\"> &#8222;Inzertn\u00ed sloupek&#8220;<\/span><\/a><\/p>\n","protected":false},"author":1,"featured_media":0,"parent":0,"menu_order":0,"comment_status":"closed","ping_status":"closed","template":"","meta":{"footnotes":""},"class_list":["post-2512","page","type-page","status-publish","hentry"],"_links":{"self":[{"href":"https:\/\/www.yczn.cz\/index.php?rest_route=\/wp\/v2\/pages\/2512","targetHints":{"allow":["GET"]}}],"collection":[{"href":"https:\/\/www.yczn.cz\/index.php?rest_route=\/wp\/v2\/pages"}],"about":[{"href":"https:\/\/www.yczn.cz\/index.php?rest_route=\/wp\/v2\/types\/page"}],"author":[{"embeddable":true,"href":"https:\/\/www.yczn.cz\/index.php?rest_route=\/wp\/v2\/users\/1"}],"replies":[{"embeddable":true,"href":"https:\/\/www.yczn.cz\/index.php?rest_route=%2Fwp%2Fv2%2Fcomments&post=2512"}],"version-history":[{"count":15,"href":"https:\/\/www.yczn.cz\/index.php?rest_route=\/wp\/v2\/pages\/2512\/revisions"}],"predecessor-version":[{"id":3996,"href":"https:\/\/www.yczn.cz\/index.php?rest_route=\/wp\/v2\/pages\/2512\/revisions\/3996"}],"wp:attachment":[{"href":"https:\/\/www.yczn.cz\/index.php?rest_route=%2Fwp%2Fv2%2Fmedia&parent=2512"}],"curies":[{"name":"wp","href":"https:\/\/api.w.org\/{rel}","templated":true}]}}