{"id":3037,"date":"2021-03-01T14:22:38","date_gmt":"2021-03-01T13:22:38","guid":{"rendered":"http:\/\/www.yczn.cz\/?page_id=3037"},"modified":"2024-02-08T17:55:45","modified_gmt":"2024-02-08T16:55:45","slug":"prednasky-skoleni-seminare-2021","status":"publish","type":"page","link":"https:\/\/www.yczn.cz\/?page_id=3037","title":{"rendered":"Pozv\u00e1nky, p\u0159edn\u00e1\u0161ky, \u0161kolen\u00ed, semin\u00e1\u0159e, v\u00fdstavy, &#8230;"},"content":{"rendered":"<p>Aktu\u00e1ln\u011b platn\u00e9 pozv\u00e1nky:<\/p>\n<h3><a href=\"https:\/\/www.messe-tulln.at\/messe-kalender\/austrian-boat-show-boot-tulln\/\" target=\"_blank\" rel=\"noopener\">Austrian BoatShow &#8211; BOOT TULLN &#8211;\u00a029. 2. &#8211; 3. 3. 224<\/a><\/h3>\n<p>Obdr\u017eeli jsme jako ka\u017edoro\u010dn\u011b voln\u00e9 vstupenky na v\u00fdstavu. V p\u0159\u00edpad\u011b z\u00e1jmu mne, pros\u00edm, kontaktujte.<\/p>\n<p style=\"text-align: center;\">Kontakt: Tom\u00e1\u0161 Pavka &#8211; 606 768 407<\/p>\n","protected":false},"excerpt":{"rendered":"<p>Aktu\u00e1ln\u011b platn\u00e9 pozv\u00e1nky: Austrian BoatShow &#8211; BOOT TULLN &#8211;\u00a029. 2. &#8211; 3. 3. 224 Obdr\u017eeli jsme jako ka\u017edoro\u010dn\u011b voln\u00e9 vstupenky na v\u00fdstavu. V p\u0159\u00edpad\u011b z\u00e1jmu mne, pros\u00edm, kontaktujte. Kontakt: Tom\u00e1\u0161 Pavka &#8211; 606 768 407<\/p>\n","protected":false},"author":1,"featured_media":0,"parent":0,"menu_order":0,"comment_status":"closed","ping_status":"closed","template":"","meta":{"footnotes":""},"class_list":["post-3037","page","type-page","status-publish","hentry"],"_links":{"self":[{"href":"https:\/\/www.yczn.cz\/index.php?rest_route=\/wp\/v2\/pages\/3037","targetHints":{"allow":["GET"]}}],"collection":[{"href":"https:\/\/www.yczn.cz\/index.php?rest_route=\/wp\/v2\/pages"}],"about":[{"href":"https:\/\/www.yczn.cz\/index.php?rest_route=\/wp\/v2\/types\/page"}],"author":[{"embeddable":true,"href":"https:\/\/www.yczn.cz\/index.php?rest_route=\/wp\/v2\/users\/1"}],"replies":[{"embeddable":true,"href":"https:\/\/www.yczn.cz\/index.php?rest_route=%2Fwp%2Fv2%2Fcomments&post=3037"}],"version-history":[{"count":15,"href":"https:\/\/www.yczn.cz\/index.php?rest_route=\/wp\/v2\/pages\/3037\/revisions"}],"predecessor-version":[{"id":3745,"href":"https:\/\/www.yczn.cz\/index.php?rest_route=\/wp\/v2\/pages\/3037\/revisions\/3745"}],"wp:attachment":[{"href":"https:\/\/www.yczn.cz\/index.php?rest_route=%2Fwp%2Fv2%2Fmedia&parent=3037"}],"curies":[{"name":"wp","href":"https:\/\/api.w.org\/{rel}","templated":true}]}}