{"id":3611,"date":"2023-07-26T17:05:16","date_gmt":"2023-07-26T16:05:16","guid":{"rendered":"https:\/\/www.yczn.cz\/?page_id=3611"},"modified":"2023-09-04T17:51:54","modified_gmt":"2023-09-04T16:51:54","slug":"fotky-2023","status":"publish","type":"page","link":"https:\/\/www.yczn.cz\/?page_id=3611","title":{"rendered":"Fotky 2023"},"content":{"rendered":"<ul>\n<li>\n<h3><a href=\"https:\/\/www.yczn.cz\/?page_id=3614\">Jarn\u00ed z\u00e1vod 2023<\/a><\/h3>\n<\/li>\n<li>\n<h3><a href=\"https:\/\/www.yczn.cz\/?page_id=3621\">Voltax regata 2023<\/a><\/h3>\n<\/li>\n<li>\n<h3><a href=\"https:\/\/www.yczn.cz\/?page_id=3678\" target=\"_blank\" rel=\"noopener\">O poh\u00e1r Vranova 2023<\/a><\/h3>\n<\/li>\n<\/ul>\n","protected":false},"excerpt":{"rendered":"<p>Jarn\u00ed z\u00e1vod 2023 Voltax regata 2023 O poh\u00e1r Vranova 2023<\/p>\n","protected":false},"author":5,"featured_media":0,"parent":0,"menu_order":0,"comment_status":"closed","ping_status":"closed","template":"","meta":{"footnotes":""},"class_list":["post-3611","page","type-page","status-publish","hentry"],"_links":{"self":[{"href":"https:\/\/www.yczn.cz\/index.php?rest_route=\/wp\/v2\/pages\/3611","targetHints":{"allow":["GET"]}}],"collection":[{"href":"https:\/\/www.yczn.cz\/index.php?rest_route=\/wp\/v2\/pages"}],"about":[{"href":"https:\/\/www.yczn.cz\/index.php?rest_route=\/wp\/v2\/types\/page"}],"author":[{"embeddable":true,"href":"https:\/\/www.yczn.cz\/index.php?rest_route=\/wp\/v2\/users\/5"}],"replies":[{"embeddable":true,"href":"https:\/\/www.yczn.cz\/index.php?rest_route=%2Fwp%2Fv2%2Fcomments&post=3611"}],"version-history":[{"count":4,"href":"https:\/\/www.yczn.cz\/index.php?rest_route=\/wp\/v2\/pages\/3611\/revisions"}],"predecessor-version":[{"id":3688,"href":"https:\/\/www.yczn.cz\/index.php?rest_route=\/wp\/v2\/pages\/3611\/revisions\/3688"}],"wp:attachment":[{"href":"https:\/\/www.yczn.cz\/index.php?rest_route=%2Fwp%2Fv2%2Fmedia&parent=3611"}],"curies":[{"name":"wp","href":"https:\/\/api.w.org\/{rel}","templated":true}]}}