{"id":465,"date":"2017-05-13T16:40:52","date_gmt":"2017-05-13T15:40:52","guid":{"rendered":"http:\/\/www.yczn.cz\/?page_id=465"},"modified":"2018-08-27T13:19:45","modified_gmt":"2018-08-27T12:19:45","slug":"fotografie-2017","status":"publish","type":"page","link":"https:\/\/www.yczn.cz\/?page_id=465","title":{"rendered":"Fotografie 2018"},"content":{"rendered":"<h3 style=\"text-align: center;\">Fotogalerie z akc\u00ed YCZN v roce 201<\/h3>\n<ul>\n<li>\n<h3><a href=\"http:\/\/www.yczn.cz\/?page_id=2412\">Z\u00e1vod O poh\u00e1r Vranova &#8211; 25 &#8211; 26. 8. 2018<\/a><\/h3>\n<\/li>\n<li>\n<h3><a href=\"http:\/\/www.yczn.cz\/?page_id=2346\">Voltax regata 2018 &#8211; 23 &#8211; 24. 6. 2018<\/a><\/h3>\n<\/li>\n<li style=\"text-align: left;\">\n<h3><a href=\"http:\/\/www.yczn.cz\/?page_id=2332\">Jarn\u00ed z\u00e1vod 2018 &#8211; 9 &#8211; 10. 6. 2018<\/a><\/h3>\n<\/li>\n<\/ul>\n","protected":false},"excerpt":{"rendered":"<p>Fotogalerie z akc\u00ed YCZN v roce 201 Z\u00e1vod O poh\u00e1r Vranova &#8211; 25 &#8211; 26. 8. 2018 Voltax regata 2018 &#8211; 23 &#8211; 24. 6. 2018 Jarn\u00ed z\u00e1vod 2018 &#8211; 9 &#8211; 10. 6. 2018<\/p>\n","protected":false},"author":1,"featured_media":0,"parent":0,"menu_order":0,"comment_status":"closed","ping_status":"closed","template":"","meta":{"footnotes":""},"class_list":["post-465","page","type-page","status-publish","hentry"],"_links":{"self":[{"href":"https:\/\/www.yczn.cz\/index.php?rest_route=\/wp\/v2\/pages\/465","targetHints":{"allow":["GET"]}}],"collection":[{"href":"https:\/\/www.yczn.cz\/index.php?rest_route=\/wp\/v2\/pages"}],"about":[{"href":"https:\/\/www.yczn.cz\/index.php?rest_route=\/wp\/v2\/types\/page"}],"author":[{"embeddable":true,"href":"https:\/\/www.yczn.cz\/index.php?rest_route=\/wp\/v2\/users\/1"}],"replies":[{"embeddable":true,"href":"https:\/\/www.yczn.cz\/index.php?rest_route=%2Fwp%2Fv2%2Fcomments&post=465"}],"version-history":[{"count":22,"href":"https:\/\/www.yczn.cz\/index.php?rest_route=\/wp\/v2\/pages\/465\/revisions"}],"predecessor-version":[{"id":2463,"href":"https:\/\/www.yczn.cz\/index.php?rest_route=\/wp\/v2\/pages\/465\/revisions\/2463"}],"wp:attachment":[{"href":"https:\/\/www.yczn.cz\/index.php?rest_route=%2Fwp%2Fv2%2Fmedia&parent=465"}],"curies":[{"name":"wp","href":"https:\/\/api.w.org\/{rel}","templated":true}]}}