{"id":67,"date":"2017-04-27T18:42:09","date_gmt":"2017-04-27T18:42:09","guid":{"rendered":"http:\/\/www.yczn.cz\/?page_id=67"},"modified":"2026-04-22T07:54:42","modified_gmt":"2026-04-22T06:54:42","slug":"zavody-yczn","status":"publish","type":"page","link":"https:\/\/www.yczn.cz\/?page_id=67","title":{"rendered":"Z\u00e1vody 2025"},"content":{"rendered":"<h3>Kalend\u00e1\u0159 z\u00e1vod\u016f YCZN pro rok 2026<\/h3>\n<h4 style=\"text-align: center;\">D\u011bkujeme z\u00e1vodn\u00edk\u016fm za \u00fa\u010dast a v\u0161em ostatn\u00edm za podporu z\u00e1vodn\u00ed \u010dinnosti v roce 2025 a p\u0159in\u00e1\u0161\u00edme informace o p\u0159ipravovan\u00fdch z\u00e1vodech pro sezonu 2026.<\/h4>\n<table style=\"height: 341px;\" width=\"1000\">\n<tbody>\n<tr>\n<td style=\"text-align: center;\" width=\"72\"><span style=\"color: #999999;\">CTL<\/span><\/td>\n<td style=\"text-align: center;\" width=\"122\"><span style=\"color: #999999;\">Datum z\u00e1vodu<\/span><\/td>\n<td style=\"text-align: center;\" width=\"133\"><span style=\"color: #999999;\">Jm\u00e9no z\u00e1vodu<\/span><\/td>\n<td style=\"text-align: center;\" width=\"153\"><span style=\"color: #999999;\">T\u0159\u00edda\/Koeficient<\/span><\/td>\n<td style=\"text-align: center;\" width=\"95\"><span style=\"color: #999999;\">\u00a0Pozn\u00e1mka<\/span><\/td>\n<td style=\"text-align: center;\" width=\"72\"><span style=\"color: #999999;\">Podrobnosti<\/span><\/td>\n<\/tr>\n<tr>\n<td style=\"text-align: center;\" width=\"72\"><\/td>\n<td style=\"text-align: center;\" width=\"122\"><span style=\"color: #999999;\">30. 5. 2026<\/span><\/td>\n<td style=\"text-align: center;\" width=\"133\"><span style=\"color: #999999;\">Jarn\u00ed z\u00e1vod<\/span><\/td>\n<td style=\"text-align: center;\" width=\"153\"><span style=\"color: #999999;\">Klubov\u00fd z\u00e1vod *<\/span><\/td>\n<td style=\"text-align: center;\" width=\"95\"><\/td>\n<td style=\"text-align: center;\" width=\"72\"><\/td>\n<\/tr>\n<tr>\n<td style=\"text-align: center;\" width=\"72\"><\/td>\n<td style=\"text-align: center;\" width=\"122\"><span style=\"color: #999999;\">20 &#8211; 21. 6. 202<\/span><\/td>\n<td style=\"text-align: center;\" width=\"133\"><span style=\"color: #999999;\">\u00a0Voltax regata 2026<\/span><\/td>\n<td style=\"text-align: center;\" width=\"153\"><\/td>\n<td style=\"text-align: center;\" width=\"95\"><\/td>\n<td style=\"text-align: center;\" width=\"72\"><\/td>\n<\/tr>\n<tr>\n<td style=\"text-align: center;\" width=\"72\"><\/td>\n<td style=\"text-align: center;\" width=\"122\"><span style=\"color: #999999;\">4 &#8211; 5. 7. 2026<\/span><\/td>\n<td style=\"text-align: center;\" width=\"133\"><span style=\"color: #999999;\"> Moravia CUP 2026<\/span><\/td>\n<td style=\"text-align: center;\" width=\"153\"><span style=\"color: #999999;\"> Mezin\u00e1rodn\u00ed z\u00e1vod STAR<\/span><\/td>\n<td style=\"text-align: center;\" width=\"95\"><\/td>\n<td style=\"text-align: center;\"><\/td>\n<\/tr>\n<tr>\n<td style=\"text-align: center;\" width=\"72\"><\/td>\n<td style=\"text-align: center;\" width=\"122\"><span style=\"color: #999999;\">22 &#8211; 23. 8. 2026<\/span><\/td>\n<td style=\"text-align: center;\" width=\"133\"><span style=\"color: #999999;\">O poh\u00e1r Vranova 2026<\/span><\/td>\n<td style=\"text-align: center;\" width=\"153\"><\/td>\n<td style=\"text-align: center;\" width=\"95\"><\/td>\n<td style=\"text-align: center;\"><\/td>\n<\/tr>\n<tr>\n<td style=\"text-align: center;\" width=\"72\"><\/td>\n<td style=\"text-align: center;\" width=\"122\"><span style=\"color: #999999;\">19. 9. 2026<\/span><\/td>\n<td style=\"text-align: center;\" width=\"133\"><span style=\"color: #999999;\">D\u00e1lkov\u00e1 plavba 2026<\/span><\/td>\n<td style=\"text-align: center;\" width=\"153\"><span style=\"color: #999999;\">Klubov\u00fd z\u00e1vod *<\/span><\/td>\n<td style=\"text-align: center;\" width=\"95\"><\/td>\n<td style=\"text-align: center;\"><\/td>\n<\/tr>\n<\/tbody>\n<\/table>\n<p>* VPOZ &#8211; Otev\u0159en\u00fd z\u00e1vod. Mo\u017enost \u00fa\u010dasti bez z\u00e1vodn\u00ed licence.<\/p>\n<p>&#8211; Licen\u010dn\u00ed poplatky od roku 2019 jsou zm\u011bn\u011bny pro v\u0161echny registrovan\u00e9 \u010dleny \u010cSJ na 100,- za jeden odjet\u00fd z\u00e1vod, maxim\u00e1ln\u011b v\u0161ak 500,- za sezonu!<\/p>\n<p>&#8211; \u00da\u010dast v z\u00e1vodech je mo\u017en\u00e1 i bez z\u00e1vodn\u00ed licence v p\u0159\u00edpad\u011b jednor\u00e1zov\u00e9 registrace pro jeden konkr\u00e9tn\u00ed z\u00e1vod. K registraci je t\u0159eba pouze jm\u00e9no \u00fa\u010dastn\u00edka a datum narozen\u00ed. Je t\u0159eba zaplatit administra\u010dn\u00ed poplatek 100,- K\u010d, kter\u00fd se odes\u00edl\u00e1 na \u010cSJ. Nutn\u00e1 je zdravotn\u00ed prohl\u00eddka cel\u00e9 pos\u00e1dky platn\u00e1 pro tok 2026 a poji\u0161t\u011bn\u00ed lodi &#8211; viz. z\u00e1vodn\u00ed pravidla.<\/p>\n<p style=\"text-align: center;\">V p\u0159\u00edpad\u011b z\u00e1jmu <a href=\"https:\/\/www.sailing.cz\/kalendar\" target=\"_blank\" rel=\"noopener\">ZDE<\/a> naleznete kompletn\u00ed kalend\u00e1\u0159 v\u0161ech z\u00e1vod\u016f pod z\u00e1\u0161titou \u010cSJ pro rok 2026.<\/p>\n<h4 style=\"text-align: center;\"><span class=\"nadzav\">Srde\u010dn\u011b V\u00e1s zveme na z\u00e1vody po\u0159\u00e1dan\u00e9 YC Znojmo<\/span><\/h4>\n<p style=\"text-align: center;\"><span class=\"novtex\"> Z\u00e1vody se konaj\u00ed podle z\u00e1vodn\u00edch pravidel jachtingu, v\u0161eobecn\u00fdch plachetn\u00edch sm\u011brnic \u010cSJ a speci\u00e1ln\u00edch plachetn\u00edch sm\u011brnic uveden\u00fdch na v\u00fdv\u011bsce po\u0159adatele.<br \/>\nPodm\u00ednky \u00fa\u010dasti jsou v\u010das podan\u00e1 p\u0159ihl\u00e1\u0161ka, platn\u00e1 z\u00e1vodn\u00ed licence (licence se net\u00fdk\u00e1 zahrani\u010dn\u00edch z\u00e1vodn\u00edk\u016f).<br \/>\nUbytov\u00e1n\u00ed v hotelu Volareza a v penzionech v bezprost\u0159edn\u00ed bl\u00edzkosti z\u00e1vodi\u0161t\u011b nutno objednat p\u0159edem.<\/span><\/p>\n<h4 style=\"text-align: center;\">Mapka<\/h4>\n<p><center><a href=\"https:\/\/mapy.cz\/zakladni?x=15.8100593&amp;y=48.9149226&amp;z=18&amp;base=ophoto\" target=\"_blank\" rel=\"noopener noreferrer\"><img loading=\"lazy\" decoding=\"async\" class=\"aligncenter wp-image-295\" src=\"http:\/\/www.yczn.cz\/wp-content\/uploads\/2017\/04\/Mapa_Foto-300x208.jpg\" alt=\"\" width=\"100\" height=\"69\" srcset=\"https:\/\/www.yczn.cz\/wp-content\/uploads\/2017\/04\/Mapa_Foto-300x208.jpg 300w, https:\/\/www.yczn.cz\/wp-content\/uploads\/2017\/04\/Mapa_Foto.jpg 367w\" sizes=\"auto, (max-width: 100px) 100vw, 100px\" \/><\/a><\/center><\/p>\n<h3 style=\"text-align: center;\">\u00a0Archiv z\u00e1vod\u016f YCZN z minul\u00fdch sezon<\/h3>\n<h3 style=\"text-align: center;\"><a href=\"http:\/\/www.yczn.cz\/?page_id=214\"><img loading=\"lazy\" decoding=\"async\" class=\"aligncenter wp-image-401\" src=\"http:\/\/www.yczn.cz\/wp-content\/uploads\/2017\/04\/Bedna-300x212.jpg\" alt=\"\" width=\"100\" height=\"71\" srcset=\"https:\/\/www.yczn.cz\/wp-content\/uploads\/2017\/04\/Bedna-300x212.jpg 300w, https:\/\/www.yczn.cz\/wp-content\/uploads\/2017\/04\/Bedna-768x543.jpg 768w, https:\/\/www.yczn.cz\/wp-content\/uploads\/2017\/04\/Bedna-1024x723.jpg 1024w, https:\/\/www.yczn.cz\/wp-content\/uploads\/2017\/04\/Bedna.jpg 1874w\" sizes=\"auto, (max-width: 100px) 100vw, 100px\" \/><\/a><\/h3>\n","protected":false},"excerpt":{"rendered":"<p>Kalend\u00e1\u0159 z\u00e1vod\u016f YCZN pro rok 2026 D\u011bkujeme z\u00e1vodn\u00edk\u016fm za \u00fa\u010dast a v\u0161em ostatn\u00edm za podporu z\u00e1vodn\u00ed \u010dinnosti v roce 2025 a p\u0159in\u00e1\u0161\u00edme informace o p\u0159ipravovan\u00fdch z\u00e1vodech pro sezonu 2026. CTL Datum z\u00e1vodu Jm\u00e9no z\u00e1vodu T\u0159\u00edda\/Koeficient \u00a0Pozn\u00e1mka Podrobnosti 30. 5. 2026 Jarn\u00ed z\u00e1vod Klubov\u00fd z\u00e1vod * 20 &#8211; 21. 6. 202 \u00a0Voltax regata 2026 4 &#8211; &hellip; <\/p>\n<p class=\"link-more\"><a href=\"https:\/\/www.yczn.cz\/?page_id=67\" class=\"read-more\">Read More<span class=\"screen-reader-text\"> &#8222;Z\u00e1vody 2025&#8220;<\/span><\/a><\/p>\n","protected":false},"author":1,"featured_media":0,"parent":0,"menu_order":0,"comment_status":"closed","ping_status":"closed","template":"","meta":{"footnotes":""},"class_list":["post-67","page","type-page","status-publish","hentry"],"_links":{"self":[{"href":"https:\/\/www.yczn.cz\/index.php?rest_route=\/wp\/v2\/pages\/67","targetHints":{"allow":["GET"]}}],"collection":[{"href":"https:\/\/www.yczn.cz\/index.php?rest_route=\/wp\/v2\/pages"}],"about":[{"href":"https:\/\/www.yczn.cz\/index.php?rest_route=\/wp\/v2\/types\/page"}],"author":[{"embeddable":true,"href":"https:\/\/www.yczn.cz\/index.php?rest_route=\/wp\/v2\/users\/1"}],"replies":[{"embeddable":true,"href":"https:\/\/www.yczn.cz\/index.php?rest_route=%2Fwp%2Fv2%2Fcomments&post=67"}],"version-history":[{"count":196,"href":"https:\/\/www.yczn.cz\/index.php?rest_route=\/wp\/v2\/pages\/67\/revisions"}],"predecessor-version":[{"id":4029,"href":"https:\/\/www.yczn.cz\/index.php?rest_route=\/wp\/v2\/pages\/67\/revisions\/4029"}],"wp:attachment":[{"href":"https:\/\/www.yczn.cz\/index.php?rest_route=%2Fwp%2Fv2%2Fmedia&parent=67"}],"curies":[{"name":"wp","href":"https:\/\/api.w.org\/{rel}","templated":true}]}}