{"id":96,"date":"2017-04-28T21:19:01","date_gmt":"2017-04-28T21:19:01","guid":{"rendered":"http:\/\/www.yczn.cz\/?page_id=96"},"modified":"2025-09-06T20:26:08","modified_gmt":"2025-09-06T19:26:08","slug":"kontakt","status":"publish","type":"page","link":"https:\/\/www.yczn.cz\/?page_id=96","title":{"rendered":"Kontakty"},"content":{"rendered":"<div>\n<div>\n<h3 style=\"text-align: center;\">Yacht Club Znojmo, z.s. &#8211; I\u010cO: 456 58 498<\/h3>\n<\/div>\n<\/div>\n<div>\n<div>\n<h3 style=\"text-align: center;\"><strong>Suchohrdelsk\u00e1 2211\/16,\u00a0\u00a0 669 02 Znojmo<\/strong><\/h3>\n<\/div>\n<\/div>\n<div>\n<div>\n<h3 style=\"text-align: center;\"><strong>Bankovn\u00ed spojen\u00ed:\u00a0\u00a0 222856920 \/ 0600<\/strong><\/h3>\n<\/div>\n<\/div>\n<div>\n<table style=\"height: 418px;\" width=\"1092\">\n<tbody>\n<tr>\n<td width=\"236\">\n<h4 style=\"text-align: center;\"><span style=\"color: #999999;\"><em><strong>P\u0159\u00edjmen\u00ed<\/strong><\/em><\/span><\/h4>\n<\/td>\n<td style=\"text-align: center;\" width=\"152\">\n<h4><span style=\"color: #999999;\"><em><strong>\u00a0Jm\u00e9no<\/strong><\/em><\/span><\/h4>\n<\/td>\n<td style=\"text-align: center;\" width=\"230\">\n<h4><span style=\"color: #999999;\"><em><strong>Funkce<\/strong><\/em><\/span><\/h4>\n<\/td>\n<td style=\"text-align: center;\" width=\"240\">\n<h4><span style=\"color: #999999;\"><em><strong>E-Mail<\/strong><\/em><\/span><\/h4>\n<\/td>\n<td style=\"text-align: center;\" width=\"120\">\n<h4 style=\"text-align: center;\"><span style=\"color: #999999;\"><em><strong>\u00a0Telefon<\/strong><\/em><\/span><\/h4>\n<\/td>\n<\/tr>\n<tr>\n<td style=\"text-align: center;\"><em><span style=\"color: #808080;\">\u00a0YCZN<\/span><\/em><\/td>\n<td style=\"text-align: center;\"><em><span style=\"color: #808080;\">\u00a0INFO<\/span><\/em><\/td>\n<td style=\"text-align: center;\"><em><span style=\"color: #808080;\">\u00a0Kontakt<\/span><\/em><\/td>\n<td style=\"text-align: center;\"><em><span style=\"color: #808080;\">\u00a0<a style=\"color: #808080;\" href=\"mailto:info@yczn.cz\">info@yczn.cz<\/a><\/span><\/em><\/td>\n<td style=\"text-align: center;\"><\/td>\n<\/tr>\n<tr>\n<td style=\"text-align: center;\">\u00a0Pavka<\/td>\n<td style=\"text-align: center;\">\u00a0Tom\u00e1\u0161<\/td>\n<td style=\"text-align: center;\">\u00a0Prezident<\/td>\n<td style=\"text-align: center;\">\u00a0<a href=\"mailto:prezident@yczn.cz\">prezident@yczn.cz<\/a><\/td>\n<td style=\"text-align: center;\">606 768 407<\/td>\n<\/tr>\n<tr>\n<td style=\"text-align: center;\">\u00a0Holub<\/td>\n<td style=\"text-align: center;\">\u00a0Miloslav<\/td>\n<td style=\"text-align: center;\">\u00a0Viceprezident<\/td>\n<td style=\"text-align: center;\">\u00a0<a href=\"mailto:viceprezident@yczn.cz\">viceprezident@yczn.cz<\/a><\/td>\n<td style=\"text-align: center;\">777 222 047<\/td>\n<\/tr>\n<tr>\n<td style=\"text-align: center;\">\u00a0Vito\u0148<\/td>\n<td style=\"text-align: center;\">\u00a0Jan<\/td>\n<td style=\"text-align: center;\">\u00a0\u010clen VV<\/td>\n<td style=\"text-align: center;\">\u00a0<a href=\"mailto:vv@yczn.cz\">vv@yczn.cz<\/a><\/td>\n<td style=\"text-align: center;\">776 260 595<\/td>\n<\/tr>\n<tr>\n<td style=\"text-align: center;\">\u00a0Pivovar\u010d\u00edk<\/td>\n<td style=\"text-align: center;\">\u00a0Milan<\/td>\n<td style=\"text-align: center;\">\u00a0\u010clen VV<\/td>\n<td style=\"text-align: center;\">\u00a0<a href=\"mailto:vv@yczn.cz\">vv@yczn.cz<\/a><\/td>\n<td style=\"text-align: center;\">603 744 245<\/td>\n<\/tr>\n<tr>\n<td style=\"text-align: center;\">Durec<\/td>\n<td style=\"text-align: center;\">Petr<\/td>\n<td style=\"text-align: center;\">\u00a0\u010clen VV<\/td>\n<td style=\"text-align: center;\">\u00a0<a href=\"mailto:vv@yczn.cz\">vv@yczn.cz<\/a><\/td>\n<td style=\"text-align: center;\">731 173 786<\/td>\n<\/tr>\n<tr>\n<td style=\"text-align: center;\">\u00a0Peprla<\/td>\n<td style=\"text-align: center;\">Libor<\/td>\n<td style=\"text-align: center;\">\u00a0\u010clen VV<\/td>\n<td style=\"text-align: center;\">\u00a0<a href=\"mailto:vv@yczn.cz\">vv@yczn.cz<\/a><\/td>\n<td style=\"text-align: center;\">603 596 179<\/td>\n<\/tr>\n<tr>\n<td style=\"text-align: center;\">\u00a0Vacula<\/td>\n<td style=\"text-align: center;\">\u00a0Karel Ml.<\/td>\n<td style=\"text-align: center;\">\u00a0\u010clen VV<\/td>\n<td style=\"text-align: center;\">\u00a0<a href=\"mailto:vv@yczn.cz\">vv@yczn.cz<\/a><\/td>\n<td style=\"text-align: center;\">776 257 821<\/td>\n<\/tr>\n<tr>\n<td style=\"text-align: center;\">Kut\u00fd<\/td>\n<td style=\"text-align: center;\">Josef<\/td>\n<td style=\"text-align: center;\">\u00a0P\u0159edseda RK<\/td>\n<td style=\"text-align: center;\"><a href=\"mailto:rk@yczn.cz\">rk@yczn.cz<\/a><\/td>\n<td style=\"text-align: center;\">731 273 912<\/td>\n<\/tr>\n<tr>\n<td style=\"text-align: center;\">\u00a0Ott<\/td>\n<td style=\"text-align: center;\">\u00a0Stanislav<\/td>\n<td style=\"text-align: center;\">\u00a0\u010clen RK<\/td>\n<td style=\"text-align: center;\">\u00a0<a href=\"mailto:rk@yczn.cz\">rk@yczn.cz<\/a><\/td>\n<td style=\"text-align: center;\">777 220 842<\/td>\n<\/tr>\n<tr>\n<td style=\"text-align: center;\">\u00a0Vacula<\/td>\n<td style=\"text-align: center;\">\u00a0Karel St.<\/td>\n<td style=\"text-align: center;\">\u00a0\u010clen RK<\/td>\n<td style=\"text-align: center;\">\u00a0<a href=\"mailto:rk@yczn.cz\">rk@yczn.cz<\/a><\/td>\n<td style=\"text-align: center;\">774 846 206<\/td>\n<\/tr>\n<tr>\n<td><\/td>\n<td><\/td>\n<td><\/td>\n<td><\/td>\n<td style=\"text-align: center;\"><\/td>\n<\/tr>\n<\/tbody>\n<\/table>\n<\/div>\n<div>\n<table style=\"height: 106px;\" border=\"0\" width=\"1091\" cellspacing=\"0\" cellpadding=\"0\">\n<colgroup>\n<col span=\"5\" width=\"72\" \/><\/colgroup>\n<tbody>\n<tr>\n<td style=\"text-align: center;\" width=\"236\" height=\"19\"><\/td>\n<td style=\"text-align: center;\" width=\"152\"><\/td>\n<td style=\"text-align: center;\" width=\"230\">\u00a0Rozhod\u010d\u00ed<\/td>\n<td style=\"text-align: center;\" width=\"240\"><\/td>\n<td style=\"text-align: center;\" width=\"120\"><\/td>\n<\/tr>\n<tr>\n<td height=\"19\"><\/td>\n<td><\/td>\n<td style=\"text-align: center;\">\u00a0Rozhod\u010d\u00ed<\/td>\n<td style=\"text-align: center;\"><\/td>\n<td style=\"text-align: center;\"><\/td>\n<\/tr>\n<tr>\n<td style=\"text-align: center;\" height=\"19\"><\/td>\n<td style=\"text-align: center;\"><\/td>\n<td style=\"text-align: center;\">\u00a0Rozhod\u010d\u00ed<\/td>\n<td><\/td>\n<td style=\"text-align: center;\"><\/td>\n<\/tr>\n<tr>\n<td style=\"text-align: center;\" height=\"19\"><\/td>\n<td style=\"text-align: center;\"><\/td>\n<td style=\"text-align: center;\">\u00a0Rozhod\u010d\u00ed<\/td>\n<td style=\"text-align: center;\"><\/td>\n<td style=\"text-align: center;\"><\/td>\n<\/tr>\n<\/tbody>\n<\/table>\n<h3 style=\"text-align: center;\">Lod\u011bnice klubu na Vranovsk\u00e9 p\u0159ehrad\u011b:<\/h3>\n<h3 style=\"text-align: center;\">GPS:\u00a0 \u00a0\u00a0 48\u00b054&#8217;55,19&#8243;\u00a0 \u00a0\u00a0 15\u00b048&#8217;37,10&#8243;<\/h3>\n<\/div>\n<div>\n<div>\n<p style=\"text-align: center;\"><a href=\"https:\/\/mapy.cz\/zakladni?x=15.8101505&amp;y=48.9148697&amp;z=18&amp;base=ophoto\" target=\"_blank\" rel=\"noopener noreferrer\"><img loading=\"lazy\" decoding=\"async\" class=\"aligncenter wp-image-295\" src=\"http:\/\/www.yczn.cz\/wp-content\/uploads\/2017\/04\/Mapa_Foto-300x208.jpg\" alt=\"\" width=\"100\" height=\"69\" srcset=\"https:\/\/www.yczn.cz\/wp-content\/uploads\/2017\/04\/Mapa_Foto-300x208.jpg 300w, https:\/\/www.yczn.cz\/wp-content\/uploads\/2017\/04\/Mapa_Foto.jpg 367w\" sizes=\"auto, (max-width: 100px) 100vw, 100px\" \/><\/a><\/p>\n<\/div>\n<\/div>\n<div>\n<div>\n<p>&nbsp;<\/p>\n<\/div>\n<\/div>\n","protected":false},"excerpt":{"rendered":"<p>Yacht Club Znojmo, z.s. &#8211; I\u010cO: 456 58 498 Suchohrdelsk\u00e1 2211\/16,\u00a0\u00a0 669 02 Znojmo Bankovn\u00ed spojen\u00ed:\u00a0\u00a0 222856920 \/ 0600 P\u0159\u00edjmen\u00ed \u00a0Jm\u00e9no Funkce E-Mail \u00a0Telefon \u00a0YCZN \u00a0INFO \u00a0Kontakt \u00a0info@yczn.cz \u00a0Pavka \u00a0Tom\u00e1\u0161 \u00a0Prezident \u00a0prezident@yczn.cz 606 768 407 \u00a0Holub \u00a0Miloslav \u00a0Viceprezident \u00a0viceprezident@yczn.cz 777 222 047 \u00a0Vito\u0148 \u00a0Jan \u00a0\u010clen VV \u00a0vv@yczn.cz 776 260 595 \u00a0Pivovar\u010d\u00edk \u00a0Milan \u00a0\u010clen VV \u00a0vv@yczn.cz &hellip; <\/p>\n<p class=\"link-more\"><a href=\"https:\/\/www.yczn.cz\/?page_id=96\" class=\"read-more\">Read More<span class=\"screen-reader-text\"> &#8222;Kontakty&#8220;<\/span><\/a><\/p>\n","protected":false},"author":1,"featured_media":0,"parent":0,"menu_order":0,"comment_status":"closed","ping_status":"closed","template":"","meta":{"footnotes":""},"class_list":["post-96","page","type-page","status-publish","hentry"],"_links":{"self":[{"href":"https:\/\/www.yczn.cz\/index.php?rest_route=\/wp\/v2\/pages\/96","targetHints":{"allow":["GET"]}}],"collection":[{"href":"https:\/\/www.yczn.cz\/index.php?rest_route=\/wp\/v2\/pages"}],"about":[{"href":"https:\/\/www.yczn.cz\/index.php?rest_route=\/wp\/v2\/types\/page"}],"author":[{"embeddable":true,"href":"https:\/\/www.yczn.cz\/index.php?rest_route=\/wp\/v2\/users\/1"}],"replies":[{"embeddable":true,"href":"https:\/\/www.yczn.cz\/index.php?rest_route=%2Fwp%2Fv2%2Fcomments&post=96"}],"version-history":[{"count":58,"href":"https:\/\/www.yczn.cz\/index.php?rest_route=\/wp\/v2\/pages\/96\/revisions"}],"predecessor-version":[{"id":3975,"href":"https:\/\/www.yczn.cz\/index.php?rest_route=\/wp\/v2\/pages\/96\/revisions\/3975"}],"wp:attachment":[{"href":"https:\/\/www.yczn.cz\/index.php?rest_route=%2Fwp%2Fv2%2Fmedia&parent=96"}],"curies":[{"name":"wp","href":"https:\/\/api.w.org\/{rel}","templated":true}]}}